{"id":310,"date":"2021-04-05T16:34:35","date_gmt":"2021-04-05T14:34:35","guid":{"rendered":"http:\/\/www.csaladpasztoracio.nhely.hu\/?page_id=310"},"modified":"2021-04-06T17:11:30","modified_gmt":"2021-04-06T15:11:30","slug":"hirek","status":"publish","type":"page","link":"http:\/\/www.csaladpasztoracio.nhely.hu\/index.php\/hirek\/","title":{"rendered":"H\u00edrek"},"content":{"rendered":"\n<style>.wp-show-posts-columns#wpsp-320 {margin-left: -2em; }.wp-show-posts-columns#wpsp-320 .wp-show-posts-inner {margin: 0 0 2em 2em; }<\/style><section id=\"wpsp-320\" class=\" wp-show-posts-columns wp-show-posts\" style=\"\"><article class=\" wp-show-posts-single post-352 post type-post status-publish format-standard has-post-thumbnail hentry category-egyeb wpsp-col-6\" itemtype=\"http:\/\/schema.org\/CreativeWork\" itemscope><div class=\"wp-show-posts-inner\" style=\"\">\t\t\t\t\t\t<header class=\"wp-show-posts-entry-header\">\n\t\t\t\t\t\t\t<h2 class=\"wp-show-posts-entry-title\" itemprop=\"headline\"><a href=\"http:\/\/www.csaladpasztoracio.nhely.hu\/index.php\/advent-1-vasarnap\/\" rel=\"bookmark\">Advent 1. vas\u00e1rnap<\/a><\/h2><div class=\"wp-show-posts-entry-meta wp-show-posts-entry-meta-below-title post-meta-inline\"><span class=\"wp-show-posts-posted-on wp-show-posts-meta\">\n\t\t\t\t\t<a href=\"http:\/\/www.csaladpasztoracio.nhely.hu\/index.php\/advent-1-vasarnap\/\" title=\"10:18\" rel=\"bookmark\"><time class=\"wp-show-posts-entry-date published\" datetime=\"2021-11-27T10:18:04+01:00\" itemprop=\"datePublished\">2021-11-27<\/time><time class=\"wp-show-posts-updated\" datetime=\"2021-11-27T10:18:07+01:00\" itemprop=\"dateModified\">2021-11-27<\/time><\/a>\n\t\t\t\t<\/span><\/div>\t\t\t\t\t\t<\/header><!-- .entry-header -->\n\t\t\t\t\t\t\t<div class=\"wp-show-posts-image  wpsp-image-left \">\n\t\t\t<a href=\"http:\/\/www.csaladpasztoracio.nhely.hu\/index.php\/advent-1-vasarnap\/\"  title=\"Advent 1. vas\u00e1rnap\">\t\t\t\t\t<img src=\"http:\/\/www.csaladpasztoracio.nhely.hu\/wp-content\/uploads\/2021\/11\/advent3-20201128-500x300.jpg\" alt=\"Advent 1. vas\u00e1rnap\" itemprop=\"image\" class=\"left\" \/>\n\t\t\t\t<\/a>\t\t<\/div>\n\t\t\t\t\t\t\t\t<div class=\"wp-show-posts-entry-summary\" itemprop=\"text\">\n\t\t\t\t\t\t\t\t\t\t\t\t\t<\/div><!-- .entry-summary -->\n\t\t\t\t\t<div class=\"wpsp-read-more\"><a title=\"Advent 1. vas\u00e1rnap\" class=\"wp-show-posts-read-more\" href=\"http:\/\/www.csaladpasztoracio.nhely.hu\/index.php\/advent-1-vasarnap\/\">B\u0151vebben ...<\/a><\/div><\/div><!-- wp-show-posts-inner --><\/article><article class=\" wp-show-posts-single post-346 post type-post status-publish format-standard has-post-thumbnail hentry category-csaladunk-ujsag wpsp-col-6\" itemtype=\"http:\/\/schema.org\/CreativeWork\" itemscope><div class=\"wp-show-posts-inner\" style=\"\">\t\t\t\t\t\t<header class=\"wp-show-posts-entry-header\">\n\t\t\t\t\t\t\t<h2 class=\"wp-show-posts-entry-title\" itemprop=\"headline\"><a href=\"http:\/\/www.csaladpasztoracio.nhely.hu\/index.php\/csaladunk-2021-1\/\" rel=\"bookmark\">Csal\u00e1dunk 2021 \/ 1<\/a><\/h2><div class=\"wp-show-posts-entry-meta wp-show-posts-entry-meta-below-title post-meta-inline\"><span class=\"wp-show-posts-posted-on wp-show-posts-meta\">\n\t\t\t\t\t<a href=\"http:\/\/www.csaladpasztoracio.nhely.hu\/index.php\/csaladunk-2021-1\/\" title=\"17:25\" rel=\"bookmark\"><time class=\"wp-show-posts-entry-date published\" datetime=\"2021-04-10T17:25:11+02:00\" itemprop=\"datePublished\">2021-04-10<\/time><time class=\"wp-show-posts-updated\" datetime=\"2021-04-10T17:30:33+02:00\" itemprop=\"dateModified\">2021-04-10<\/time><\/a>\n\t\t\t\t<\/span><\/div>\t\t\t\t\t\t<\/header><!-- .entry-header -->\n\t\t\t\t\t\t\t<div class=\"wp-show-posts-image  wpsp-image-left \">\n\t\t\t<a href=\"http:\/\/www.csaladpasztoracio.nhely.hu\/index.php\/csaladunk-2021-1\/\"  title=\"Csal\u00e1dunk 2021 \/ 1\">\t\t\t\t\t<img src=\"http:\/\/www.csaladpasztoracio.nhely.hu\/wp-content\/uploads\/2021\/04\/Csaladunk_2021-01_CK-500x300.jpg\" alt=\"Csal\u00e1dunk 2021 \/ 1\" itemprop=\"image\" class=\"left\" \/>\n\t\t\t\t<\/a>\t\t<\/div>\n\t\t\t\t\t\t\t\t<div class=\"wp-show-posts-entry-summary\" itemprop=\"text\">\n\t\t\t\t\t\t\t\t\t\t\t\t\t<\/div><!-- .entry-summary -->\n\t\t\t\t\t<div class=\"wpsp-read-more\"><a title=\"Csal\u00e1dunk 2021 \/ 1\" class=\"wp-show-posts-read-more\" href=\"http:\/\/www.csaladpasztoracio.nhely.hu\/index.php\/csaladunk-2021-1\/\">B\u0151vebben ...<\/a><\/div><\/div><!-- wp-show-posts-inner --><\/article><article class=\" wp-show-posts-single post-141 post type-post status-publish format-standard has-post-thumbnail hentry category-egyeb wpsp-col-6\" itemtype=\"http:\/\/schema.org\/CreativeWork\" itemscope><div class=\"wp-show-posts-inner\" style=\"\">\t\t\t\t\t\t<header class=\"wp-show-posts-entry-header\">\n\t\t\t\t\t\t\t<h2 class=\"wp-show-posts-entry-title\" itemprop=\"headline\"><a href=\"http:\/\/www.csaladpasztoracio.nhely.hu\/index.php\/dr-marfi-gyula-50-eves-papi-jubileuma\/\" rel=\"bookmark\">Dr. M\u00e1rfi Gyula 50 \u00e9ves papi jubileuma<\/a><\/h2><div class=\"wp-show-posts-entry-meta wp-show-posts-entry-meta-below-title post-meta-inline\"><span class=\"wp-show-posts-posted-on wp-show-posts-meta\">\n\t\t\t\t\t<a href=\"http:\/\/www.csaladpasztoracio.nhely.hu\/index.php\/dr-marfi-gyula-50-eves-papi-jubileuma\/\" title=\"19:59\" rel=\"bookmark\"><time class=\"wp-show-posts-entry-date published\" datetime=\"2017-06-27T19:59:02+02:00\" itemprop=\"datePublished\">2017-06-27<\/time><time class=\"wp-show-posts-updated\" datetime=\"2017-06-27T20:01:29+02:00\" itemprop=\"dateModified\">2017-06-27<\/time><\/a>\n\t\t\t\t<\/span><\/div>\t\t\t\t\t\t<\/header><!-- .entry-header -->\n\t\t\t\t\t\t\t<div class=\"wp-show-posts-image  wpsp-image-left \">\n\t\t\t<a href=\"http:\/\/www.csaladpasztoracio.nhely.hu\/index.php\/dr-marfi-gyula-50-eves-papi-jubileuma\/\"  title=\"Dr. M\u00e1rfi Gyula 50 \u00e9ves papi jubileuma\">\t\t\t\t\t<img src=\"http:\/\/www.csaladpasztoracio.nhely.hu\/wp-content\/uploads\/2017\/06\/DrMGY-50-2-500x300.jpg\" alt=\"Dr. M\u00e1rfi Gyula 50 \u00e9ves papi jubileuma\" itemprop=\"image\" class=\"left\" \/>\n\t\t\t\t<\/a>\t\t<\/div>\n\t\t\t\t\t\t\t\t<div class=\"wp-show-posts-entry-summary\" itemprop=\"text\">\n\t\t\t\t\t\t\t<p>Aranymis\u00e9j\u00e9t \u00fcnnepelte M\u00e1rfi Gyula veszpr\u00e9mi \u00e9rsek 2017. j\u00fanius 20. kedd 16:19 M\u00e1rfi Gyula 50 \u00e9ves papi jubileuma alkalm\u00e1b\u00f3l h\u00e1laad\u00f3 szentmis\u00e9t mutatott be a veszpr\u00e9mi bazilik\u00e1ban j\u00fanius 19-\u00e9n este a Magyar&#8230;<\/p>\n\t\t\t\t\t\t<\/div><!-- .entry-summary -->\n\t\t\t\t\t<div class=\"wpsp-read-more\"><a title=\"Dr. M\u00e1rfi Gyula 50 \u00e9ves papi jubileuma\" class=\"wp-show-posts-read-more\" href=\"http:\/\/www.csaladpasztoracio.nhely.hu\/index.php\/dr-marfi-gyula-50-eves-papi-jubileuma\/\">B\u0151vebben ...<\/a><\/div><\/div><!-- wp-show-posts-inner --><\/article><article class=\" wp-show-posts-single post-82 post type-post status-publish format-standard hentry category-adatok wpsp-col-6\" itemtype=\"http:\/\/schema.org\/CreativeWork\" itemscope><div class=\"wp-show-posts-inner\" style=\"\">\t\t\t\t\t\t<header class=\"wp-show-posts-entry-header\">\n\t\t\t\t\t\t\t<h2 class=\"wp-show-posts-entry-title\" itemprop=\"headline\"><a href=\"http:\/\/www.csaladpasztoracio.nhely.hu\/index.php\/elerhetosegek\/\" rel=\"bookmark\">El\u00e9rhet\u0151s\u00e9gek<\/a><\/h2><div class=\"wp-show-posts-entry-meta wp-show-posts-entry-meta-below-title post-meta-inline\"><span class=\"wp-show-posts-posted-on wp-show-posts-meta\">\n\t\t\t\t\t<a href=\"http:\/\/www.csaladpasztoracio.nhely.hu\/index.php\/elerhetosegek\/\" title=\"21:02\" rel=\"bookmark\"><time class=\"wp-show-posts-entry-date published\" datetime=\"2017-06-20T21:02:13+02:00\" itemprop=\"datePublished\">2017-06-20<\/time><time class=\"wp-show-posts-updated\" datetime=\"2017-10-14T16:04:19+02:00\" itemprop=\"dateModified\">2017-10-14<\/time><\/a>\n\t\t\t\t<\/span><\/div>\t\t\t\t\t\t<\/header><!-- .entry-header -->\n\t\t\t\t\t\t\t\t\t\t\t<div class=\"wp-show-posts-entry-summary\" itemprop=\"text\">\n\t\t\t\t\t\t\t<p>Csal\u00e1dpasztor\u00e1ci\u00f3 Veszpr\u00e9m Veszpr\u00e9mi \u00c9rseks\u00e9g Csal\u00e1dpasztor\u00e1ci\u00f3s Iroda Veszpr\u00e9mi Iroda: 8200 Veszpr\u00e9m, V\u00e1r utca 21. Tel: +36 30 436 2449 E-mail:\u00a0csaladpasztoracio.veszprem@ gmail.com Irodavezet\u0151: Fekete Gy\u00f6ngyi Tel: +36 20 770 4755 E-mail:\u00a0gy.j.fekete@gmail.com Irodai&#8230;<\/p>\n\t\t\t\t\t\t<\/div><!-- .entry-summary -->\n\t\t\t\t\t<div class=\"wpsp-read-more\"><a title=\"El\u00e9rhet\u0151s\u00e9gek\" class=\"wp-show-posts-read-more\" href=\"http:\/\/www.csaladpasztoracio.nhely.hu\/index.php\/elerhetosegek\/\">B\u0151vebben ...<\/a><\/div><\/div><!-- wp-show-posts-inner --><\/article><article class=\" wp-show-posts-single post-113 post type-post status-publish format-standard has-post-thumbnail hentry category-fotoalbum wpsp-col-6\" itemtype=\"http:\/\/schema.org\/CreativeWork\" itemscope><div class=\"wp-show-posts-inner\" style=\"\">\t\t\t\t\t\t<header class=\"wp-show-posts-entry-header\">\n\t\t\t\t\t\t\t<h2 class=\"wp-show-posts-entry-title\" itemprop=\"headline\"><a href=\"http:\/\/www.csaladpasztoracio.nhely.hu\/index.php\/munkacsoportunk-junialisa-felsoorson\/\" rel=\"bookmark\">Munkacsoportunk Juni\u00e1lisa Fels\u0151\u00f6rs\u00f6n<\/a><\/h2><div class=\"wp-show-posts-entry-meta wp-show-posts-entry-meta-below-title post-meta-inline\"><span class=\"wp-show-posts-posted-on wp-show-posts-meta\">\n\t\t\t\t\t<a href=\"http:\/\/www.csaladpasztoracio.nhely.hu\/index.php\/munkacsoportunk-junialisa-felsoorson\/\" title=\"20:30\" rel=\"bookmark\"><time class=\"wp-show-posts-entry-date published\" datetime=\"2017-06-12T20:30:28+02:00\" itemprop=\"datePublished\">2017-06-12<\/time><time class=\"wp-show-posts-updated\" datetime=\"2017-06-24T08:21:50+02:00\" itemprop=\"dateModified\">2017-06-24<\/time><\/a>\n\t\t\t\t<\/span><\/div>\t\t\t\t\t\t<\/header><!-- .entry-header -->\n\t\t\t\t\t\t\t<div class=\"wp-show-posts-image  wpsp-image-left \">\n\t\t\t<a href=\"http:\/\/www.csaladpasztoracio.nhely.hu\/index.php\/munkacsoportunk-junialisa-felsoorson\/\"  title=\"Munkacsoportunk Juni\u00e1lisa Fels\u0151\u00f6rs\u00f6n\">\t\t\t\t\t<img src=\"http:\/\/www.csaladpasztoracio.nhely.hu\/wp-content\/uploads\/2017\/06\/Junialis-2017-500x300.jpg\" alt=\"Munkacsoportunk Juni\u00e1lisa Fels\u0151\u00f6rs\u00f6n\" itemprop=\"image\" class=\"left\" \/>\n\t\t\t\t<\/a>\t\t<\/div>\n\t\t\t\t\t\t\t\t<div class=\"wp-show-posts-entry-summary\" itemprop=\"text\">\n\t\t\t\t\t\t\t<p>FOT\u00d3ALBUM MEGNYIT\u00c1S\u00c1HOZ KATTINTS IDE! J\u00f3 sz\u00f3rakoz\u00e1st a n\u00e9zeget\u00e9shez!<\/p>\n\t\t\t\t\t\t<\/div><!-- .entry-summary -->\n\t\t\t\t\t<div class=\"wpsp-read-more\"><a title=\"Munkacsoportunk Juni\u00e1lisa Fels\u0151\u00f6rs\u00f6n\" class=\"wp-show-posts-read-more\" href=\"http:\/\/www.csaladpasztoracio.nhely.hu\/index.php\/munkacsoportunk-junialisa-felsoorson\/\">B\u0151vebben ...<\/a><\/div><\/div><!-- wp-show-posts-inner --><\/article><article class=\" wp-show-posts-single post-72 post type-post status-publish format-standard has-post-thumbnail hentry category-csaladunk-ujsag wpsp-col-6\" itemtype=\"http:\/\/schema.org\/CreativeWork\" itemscope><div class=\"wp-show-posts-inner\" style=\"\">\t\t\t\t\t\t<header class=\"wp-show-posts-entry-header\">\n\t\t\t\t\t\t\t<h2 class=\"wp-show-posts-entry-title\" itemprop=\"headline\"><a href=\"http:\/\/www.csaladpasztoracio.nhely.hu\/index.php\/csaladunk-20162-es-szama\/\" rel=\"bookmark\">Csal\u00e1dunk 2016\/2-es sz\u00e1ma<\/a><\/h2><div class=\"wp-show-posts-entry-meta wp-show-posts-entry-meta-below-title post-meta-inline\"><span class=\"wp-show-posts-posted-on wp-show-posts-meta\">\n\t\t\t\t\t<a href=\"http:\/\/www.csaladpasztoracio.nhely.hu\/index.php\/csaladunk-20162-es-szama\/\" title=\"20:31\" rel=\"bookmark\"><time class=\"wp-show-posts-entry-date published\" datetime=\"2017-05-10T20:31:26+02:00\" itemprop=\"datePublished\">2017-05-10<\/time><time class=\"wp-show-posts-updated\" datetime=\"2017-06-12T18:06:02+02:00\" itemprop=\"dateModified\">2017-06-12<\/time><\/a>\n\t\t\t\t<\/span><\/div>\t\t\t\t\t\t<\/header><!-- .entry-header -->\n\t\t\t\t\t\t\t<div class=\"wp-show-posts-image  wpsp-image-left \">\n\t\t\t<a href=\"http:\/\/www.csaladpasztoracio.nhely.hu\/index.php\/csaladunk-20162-es-szama\/\"  title=\"Csal\u00e1dunk 2016\/2-es sz\u00e1ma\">\t\t\t\t\t<img src=\"http:\/\/www.csaladpasztoracio.nhely.hu\/wp-content\/uploads\/2017\/05\/Csal_2016-2_borito-500x300.jpg\" alt=\"Csal\u00e1dunk 2016\/2-es sz\u00e1ma\" itemprop=\"image\" class=\"left\" \/>\n\t\t\t\t<\/a>\t\t<\/div>\n\t\t\t\t\t\t\t\t<div class=\"wp-show-posts-entry-summary\" itemprop=\"text\">\n\t\t\t\t\t\t\t<p>Csal\u00e1dunk foly\u00f3irat, let\u00f6lthet\u0151 PDF v\u00e1ltozata! A k\u00e9pre kattintva megnyithat\u00f3 a Csal\u00e1dunk 2016 \u00e9vi 2-es sz\u00e1ma:<\/p>\n\t\t\t\t\t\t<\/div><!-- .entry-summary -->\n\t\t\t\t\t<div class=\"wpsp-read-more\"><a title=\"Csal\u00e1dunk 2016\/2-es sz\u00e1ma\" class=\"wp-show-posts-read-more\" href=\"http:\/\/www.csaladpasztoracio.nhely.hu\/index.php\/csaladunk-20162-es-szama\/\">B\u0151vebben ...<\/a><\/div><\/div><!-- wp-show-posts-inner --><\/article><div class=\"wpsp-clear\"><\/div><\/section><!-- .wp-show-posts -->\n","protected":false},"excerpt":{"rendered":"","protected":false},"author":1,"featured_media":0,"parent":0,"menu_order":0,"comment_status":"closed","ping_status":"closed","template":"","meta":[],"_links":{"self":[{"href":"http:\/\/www.csaladpasztoracio.nhely.hu\/index.php\/wp-json\/wp\/v2\/pages\/310"}],"collection":[{"href":"http:\/\/www.csaladpasztoracio.nhely.hu\/index.php\/wp-json\/wp\/v2\/pages"}],"about":[{"href":"http:\/\/www.csaladpasztoracio.nhely.hu\/index.php\/wp-json\/wp\/v2\/types\/page"}],"author":[{"embeddable":true,"href":"http:\/\/www.csaladpasztoracio.nhely.hu\/index.php\/wp-json\/wp\/v2\/users\/1"}],"replies":[{"embeddable":true,"href":"http:\/\/www.csaladpasztoracio.nhely.hu\/index.php\/wp-json\/wp\/v2\/comments?post=310"}],"version-history":[{"count":6,"href":"http:\/\/www.csaladpasztoracio.nhely.hu\/index.php\/wp-json\/wp\/v2\/pages\/310\/revisions"}],"predecessor-version":[{"id":321,"href":"http:\/\/www.csaladpasztoracio.nhely.hu\/index.php\/wp-json\/wp\/v2\/pages\/310\/revisions\/321"}],"wp:attachment":[{"href":"http:\/\/www.csaladpasztoracio.nhely.hu\/index.php\/wp-json\/wp\/v2\/media?parent=310"}],"curies":[{"name":"wp","href":"https:\/\/api.w.org\/{rel}","templated":true}]}}